{"id":265,"date":"2024-05-29T09:38:29","date_gmt":"2024-05-29T08:38:29","guid":{"rendered":"https:\/\/apogeoliving.com\/?page_id=265"},"modified":"2024-07-16T16:14:57","modified_gmt":"2024-07-16T15:14:57","slug":"a-propos","status":"publish","type":"page","link":"https:\/\/apogeoliving.com\/index.php\/a-propos\/","title":{"rendered":"A PROPOS"},"content":{"rendered":"<p>[et_pb_section fb_built=\u00a0\u00bb1&Prime; disabled_on=\u00a0\u00bbon|on|on\u00a0\u00bb _builder_version=\u00a0\u00bb4.12.1&Prime; _module_preset=\u00a0\u00bbdefault\u00a0\u00bb custom_padding=\u00a0\u00bb2px|0px|0px|0px||\u00a0\u00bb disabled=\u00a0\u00bbon\u00a0\u00bb global_colors_info=\u00a0\u00bb{}\u00a0\u00bb][et_pb_row _builder_version=\u00a0\u00bb4.12.1&Prime; _module_preset=\u00a0\u00bbdefault\u00a0\u00bb custom_margin=\u00a0\u00bb18px|auto|18px|auto|true|false\u00a0\u00bb custom_margin_tablet=\u00a0\u00bb18px|auto|18px|auto|true|false\u00a0\u00bb custom_margin_phone=\u00a0\u00bb18px|auto|18px|auto|true|false\u00a0\u00bb custom_margin_last_edited=\u00a0\u00bbon|desktop\u00a0\u00bb custom_padding=\u00a0\u00bb25px||0px|||\u00a0\u00bb locked=\u00a0\u00bboff\u00a0\u00bb global_colors_info=\u00a0\u00bb{}\u00a0\u00bb][et_pb_column type=\u00a0\u00bb4_4&Prime; _builder_version=\u00a0\u00bb4.12.1&Prime; _module_preset=\u00a0\u00bbdefault\u00a0\u00bb global_colors_info=\u00a0\u00bb{}\u00a0\u00bb][et_pb_slider _builder_version=\u00a0\u00bb4.12.1&Prime; _module_preset=\u00a0\u00bbdefault\u00a0\u00bb header_font=\u00a0\u00bbbold||||||||\u00a0\u00bb header_font_size=\u00a0\u00bb42px\u00a0\u00bb body_font=\u00a0\u00bbregular|600|||||||\u00a0\u00bb body_font_size=\u00a0\u00bb20px\u00a0\u00bb width=\u00a0\u00bb100%\u00a0\u00bb custom_margin=\u00a0\u00bb-28px|||||\u00a0\u00bb custom_margin_tablet=\u00a0\u00bb\u00a0\u00bb custom_margin_phone=\u00a0\u00bb\u00a0\u00bb custom_margin_last_edited=\u00a0\u00bbon|desktop\u00a0\u00bb custom_padding=\u00a0\u00bb288px||64px||false|false\u00a0\u00bb custom_padding_tablet=\u00a0\u00bb\u00a0\u00bb custom_padding_phone=\u00a0\u00bb\u00a0\u00bb custom_padding_last_edited=\u00a0\u00bbon|desktop\u00a0\u00bb auto=\u00a0\u00bbon\u00a0\u00bb auto_speed=\u00a0\u00bb5000&Prime; auto_ignore_hover=\u00a0\u00bbon\u00a0\u00bb body_text_shadow_style=\u00a0\u00bbpreset3&Prime; global_colors_info=\u00a0\u00bb{}\u00a0\u00bb][et_pb_slide heading=\u00a0\u00bbCuisine de luxe\u00a0\u00bb _builder_version=\u00a0\u00bb4.12.1&Prime; _module_preset=\u00a0\u00bbdefault\u00a0\u00bb background_enable_color=\u00a0\u00bboff\u00a0\u00bb background_image=\u00a0\u00bbhttp:\/\/apogeoliving.com\/wp-content\/uploads\/2023\/04\/L2x_01.jpg\u00a0\u00bb background_enable_image=\u00a0\u00bbon\u00a0\u00bb global_colors_info=\u00a0\u00bb{}\u00a0\u00bb sticky_transition=\u00a0\u00bbon\u00a0\u00bb]<\/p>\n<p>Apogeo living design<\/p>\n<p>[\/et_pb_slide][et_pb_slide heading=\u00a0\u00bbCuisine de luxe\u00a0\u00bb _builder_version=\u00a0\u00bb4.12.1&Prime; _module_preset=\u00a0\u00bbdefault\u00a0\u00bb background_enable_color=\u00a0\u00bboff\u00a0\u00bb background_image=\u00a0\u00bbhttp:\/\/apogeoliving.com\/wp-content\/uploads\/2023\/04\/L2x_dsc_1264_l.jpg\u00a0\u00bb background_enable_image=\u00a0\u00bbon\u00a0\u00bb global_colors_info=\u00a0\u00bb{}\u00a0\u00bb sticky_transition=\u00a0\u00bbon\u00a0\u00bb]<\/p>\n<p>Apogeo living design<\/p>\n<p>[\/et_pb_slide][et_pb_slide heading=\u00a0\u00bbCuisine de luxe\u00a0\u00bb _builder_version=\u00a0\u00bb4.12.1&Prime; _module_preset=\u00a0\u00bbdefault\u00a0\u00bb background_enable_color=\u00a0\u00bboff\u00a0\u00bb background_image=\u00a0\u00bbhttp:\/\/apogeoliving.com\/wp-content\/uploads\/2023\/04\/L2x_01-comp.jpg\u00a0\u00bb background_enable_image=\u00a0\u00bbon\u00a0\u00bb global_colors_info=\u00a0\u00bb{}\u00a0\u00bb sticky_transition=\u00a0\u00bbon\u00a0\u00bb]<\/p>\n<p>Apogeo living design<\/p>\n<p>[\/et_pb_slide][et_pb_slide heading=\u00a0\u00bbCuisine de luxe\u00a0\u00bb _builder_version=\u00a0\u00bb4.12.1&Prime; _module_preset=\u00a0\u00bbdefault\u00a0\u00bb background_enable_color=\u00a0\u00bboff\u00a0\u00bb background_image=\u00a0\u00bbhttp:\/\/apogeoliving.com\/wp-content\/uploads\/2023\/04\/L2x_01_n_elle_10_11.jpg\u00a0\u00bb background_enable_image=\u00a0\u00bbon\u00a0\u00bb global_colors_info=\u00a0\u00bb{}\u00a0\u00bb sticky_transition=\u00a0\u00bbon\u00a0\u00bb]<\/p>\n<p>Apogeo living design<\/p>\n<p>[\/et_pb_slide][et_pb_slide heading=\u00a0\u00bbCuisine de luxe\u00a0\u00bb _builder_version=\u00a0\u00bb4.12.1&Prime; _module_preset=\u00a0\u00bbdefault\u00a0\u00bb background_enable_color=\u00a0\u00bboff\u00a0\u00bb background_image=\u00a0\u00bbhttp:\/\/apogeoliving.com\/wp-content\/uploads\/2023\/04\/L2x_dsc_9484-1.jpg\u00a0\u00bb background_enable_image=\u00a0\u00bbon\u00a0\u00bb global_colors_info=\u00a0\u00bb{}\u00a0\u00bb sticky_transition=\u00a0\u00bbon\u00a0\u00bb]<\/p>\n<p>Apogeo living design<\/p>\n<p>[\/et_pb_slide][et_pb_slide heading=\u00a0\u00bbCuisine de luxe\u00a0\u00bb _builder_version=\u00a0\u00bb4.12.1&Prime; _module_preset=\u00a0\u00bbdefault\u00a0\u00bb background_enable_color=\u00a0\u00bboff\u00a0\u00bb background_image=\u00a0\u00bbhttp:\/\/apogeoliving.com\/wp-content\/uploads\/2023\/04\/L2x_-1.jpg\u00a0\u00bb background_enable_image=\u00a0\u00bbon\u00a0\u00bb global_colors_info=\u00a0\u00bb{}\u00a0\u00bb sticky_transition=\u00a0\u00bbon\u00a0\u00bb]<\/p>\n<p>Apogeo living design<\/p>\n<p>[\/et_pb_slide][\/et_pb_slider][\/et_pb_column][\/et_pb_row][\/et_pb_section][et_pb_section fb_built=\u00a0\u00bb1&Prime; disabled_on=\u00a0\u00bbon|on|on\u00a0\u00bb _builder_version=\u00a0\u00bb4.12.1&Prime; _module_preset=\u00a0\u00bbdefault\u00a0\u00bb custom_padding=\u00a0\u00bb4px||1px|||\u00a0\u00bb disabled=\u00a0\u00bbon\u00a0\u00bb global_colors_info=\u00a0\u00bb{}\u00a0\u00bb][et_pb_row _builder_version=\u00a0\u00bb4.12.1&Prime; _module_preset=\u00a0\u00bbdefault\u00a0\u00bb global_colors_info=\u00a0\u00bb{}\u00a0\u00bb][et_pb_column type=\u00a0\u00bb4_4&Prime; _builder_version=\u00a0\u00bb4.12.1&Prime; _module_preset=\u00a0\u00bbdefault\u00a0\u00bb global_colors_info=\u00a0\u00bb{}\u00a0\u00bb][et_pb_text _builder_version=\u00a0\u00bb4.12.1&Prime; _module_preset=\u00a0\u00bbdefault\u00a0\u00bb text_font=\u00a0\u00bbregular||||||||\u00a0\u00bb text_text_color=\u00a0\u00bb#000000&Prime; text_font_size=\u00a0\u00bb17px\u00a0\u00bb global_colors_info=\u00a0\u00bb{}\u00a0\u00bb]<\/p>\n<p><strong>BIENVENUE CHEZ<\/strong><\/p>\n<p><span><strong>APOGEO<\/strong><\/span><\/p>\n<p>Une union d\u2019\u00e9motions et d\u2019id\u00e9es innovantes et cr\u00e9atives c\u2019est ce que <strong>APOGEO<\/strong> veut apporter en s\u2019installant au Maroc.<\/p>\n<p>Comme nous marocains, <strong>APOGEO<\/strong> pense que la beaut\u00e9 a une \u00e9nergie capable de changer le monde, m\u00eame dans nos d\u00e9cision quotidiennes les plus simples notamment le choix de la cuisine et les mat\u00e9riaux qui la compose sachant que cette derni\u00e8re est consid\u00e9r\u00e9e comme le c\u0153ur de chaque maison.<\/p>\n<p>C\u2019est aussi un espace de cr\u00e9ation et d\u2019expression.<\/p>\n<p>[\/et_pb_text][\/et_pb_column][\/et_pb_row][\/et_pb_section][et_pb_section fb_built=\u00a0\u00bb1&Prime; _builder_version=\u00a0\u00bb4.12.1&Prime; _module_preset=\u00a0\u00bbdefault\u00a0\u00bb custom_padding=\u00a0\u00bb||0px|||\u00a0\u00bb global_colors_info=\u00a0\u00bb{}\u00a0\u00bb][et_pb_row _builder_version=\u00a0\u00bb4.12.1&Prime; _module_preset=\u00a0\u00bbdefault\u00a0\u00bb custom_margin=\u00a0\u00bb-40px||||false|false\u00a0\u00bb custom_margin_tablet=\u00a0\u00bb-40px||||false|false\u00a0\u00bb custom_margin_phone=\u00a0\u00bb-40px||||false|false\u00a0\u00bb custom_margin_last_edited=\u00a0\u00bbon|desktop\u00a0\u00bb global_colors_info=\u00a0\u00bb{}\u00a0\u00bb][et_pb_column type=\u00a0\u00bb4_4&Prime; _builder_version=\u00a0\u00bb4.12.1&Prime; _module_preset=\u00a0\u00bbdefault\u00a0\u00bb global_colors_info=\u00a0\u00bb{}\u00a0\u00bb][et_pb_text _builder_version=\u00a0\u00bb4.12.1&Prime; _module_preset=\u00a0\u00bbdefault\u00a0\u00bb text_font=\u00a0\u00bbbold|800|||||||\u00a0\u00bb text_text_color=\u00a0\u00bb#000000&Prime; text_font_size=\u00a0\u00bb30px\u00a0\u00bb global_colors_info=\u00a0\u00bb{}\u00a0\u00bb]<\/p>\n<p style=\"text-align: center;\">A PROPOS<\/p>\n<p>[\/et_pb_text][et_pb_text _builder_version=\u00a0\u00bb4.12.1&Prime; _module_preset=\u00a0\u00bbdefault\u00a0\u00bb text_font=\u00a0\u00bbregular|500|||||||\u00a0\u00bb text_text_color=\u00a0\u00bb#000000&Prime; text_font_size=\u00a0\u00bb16px\u00a0\u00bb custom_padding=\u00a0\u00bb2px|||||\u00a0\u00bb hover_enabled=\u00a0\u00bb0&Prime; global_colors_info=\u00a0\u00bb{}\u00a0\u00bb text_font_size_last_edited=\u00a0\u00bbon|phone\u00a0\u00bb text_font_size_phone=\u00a0\u00bb15px\u00a0\u00bb sticky_enabled=\u00a0\u00bb0&Prime; text_font_size_tablet=\u00a0\u00bb16px\u00a0\u00bb]<\/p>\n<p style=\"text-align: center;\">Une union d\u2019\u00e9motions et d\u2019id\u00e9es innovantes et cr\u00e9atives c\u2019est ce que <strong>APOGEO<\/strong> veut apporter en s\u2019installant au Maroc.<\/p>\n<p style=\"text-align: center;\">Comme nous marocains, <strong>APOGEO<\/strong> pense que la beaut\u00e9 a une \u00e9nergie capable de changer le monde.<\/p>\n<p>[\/et_pb_text][\/et_pb_column][\/et_pb_row][et_pb_row _builder_version=\u00a0\u00bb4.12.1&Prime; _module_preset=\u00a0\u00bbdefault\u00a0\u00bb custom_margin=\u00a0\u00bb18px|auto|18px|auto|true|false\u00a0\u00bb custom_margin_tablet=\u00a0\u00bb18px|auto|18px|auto|true|false\u00a0\u00bb custom_margin_phone=\u00a0\u00bb18px|auto|18px|auto|true|false\u00a0\u00bb custom_margin_last_edited=\u00a0\u00bbon|desktop\u00a0\u00bb custom_padding=\u00a0\u00bb25px||0px|||\u00a0\u00bb locked=\u00a0\u00bboff\u00a0\u00bb global_colors_info=\u00a0\u00bb{}\u00a0\u00bb][et_pb_column type=\u00a0\u00bb4_4&Prime; _builder_version=\u00a0\u00bb4.12.1&Prime; _module_preset=\u00a0\u00bbdefault\u00a0\u00bb global_colors_info=\u00a0\u00bb{}\u00a0\u00bb][et_pb_slider _builder_version=\u00a0\u00bb4.12.1&Prime; _module_preset=\u00a0\u00bbdefault\u00a0\u00bb header_font=\u00a0\u00bbbold||||||||\u00a0\u00bb header_font_size=\u00a0\u00bb42px\u00a0\u00bb body_font=\u00a0\u00bbregular|600|||||||\u00a0\u00bb body_font_size=\u00a0\u00bb20px\u00a0\u00bb width=\u00a0\u00bb100%\u00a0\u00bb custom_margin=\u00a0\u00bb-28px|||||\u00a0\u00bb custom_margin_tablet=\u00a0\u00bb\u00a0\u00bb custom_margin_phone=\u00a0\u00bb\u00a0\u00bb custom_margin_last_edited=\u00a0\u00bbon|desktop\u00a0\u00bb custom_padding=\u00a0\u00bb288px||64px||false|false\u00a0\u00bb custom_padding_tablet=\u00a0\u00bb\u00a0\u00bb custom_padding_phone=\u00a0\u00bb\u00a0\u00bb custom_padding_last_edited=\u00a0\u00bbon|desktop\u00a0\u00bb auto=\u00a0\u00bbon\u00a0\u00bb auto_speed=\u00a0\u00bb5000&Prime; auto_ignore_hover=\u00a0\u00bbon\u00a0\u00bb hover_enabled=\u00a0\u00bb0&Prime; body_text_shadow_style=\u00a0\u00bbpreset3&Prime; global_colors_info=\u00a0\u00bb{}\u00a0\u00bb sticky_enabled=\u00a0\u00bb0&Prime;][et_pb_slide heading=\u00a0\u00bbCuisine de luxe\u00a0\u00bb _builder_version=\u00a0\u00bb4.12.1&Prime; _module_preset=\u00a0\u00bbdefault\u00a0\u00bb background_enable_color=\u00a0\u00bboff\u00a0\u00bb background_image=\u00a0\u00bbhttp:\/\/apogeoliving.com\/wp-content\/uploads\/2023\/04\/L2x_01.jpg\u00a0\u00bb background_enable_image=\u00a0\u00bbon\u00a0\u00bb hover_enabled=\u00a0\u00bb0&Prime; global_colors_info=\u00a0\u00bb{}\u00a0\u00bb sticky_transition=\u00a0\u00bbon\u00a0\u00bb header_font_size_last_edited=\u00a0\u00bbon|phone\u00a0\u00bb header_font_size_phone=\u00a0\u00bb30px\u00a0\u00bb body_font_size_last_edited=\u00a0\u00bbon|phone\u00a0\u00bb body_font_size_phone=\u00a0\u00bb16px\u00a0\u00bb sticky_enabled=\u00a0\u00bb0&Prime;]<\/p>\n<p>Apogeo living design<\/p>\n<p>[\/et_pb_slide][et_pb_slide heading=\u00a0\u00bbCuisine de luxe\u00a0\u00bb _builder_version=\u00a0\u00bb4.12.1&Prime; _module_preset=\u00a0\u00bbdefault\u00a0\u00bb background_enable_color=\u00a0\u00bboff\u00a0\u00bb background_image=\u00a0\u00bbhttp:\/\/apogeoliving.com\/wp-content\/uploads\/2023\/04\/L2x_dsc_1264_l.jpg\u00a0\u00bb background_enable_image=\u00a0\u00bbon\u00a0\u00bb hover_enabled=\u00a0\u00bb0&Prime; global_colors_info=\u00a0\u00bb{}\u00a0\u00bb sticky_transition=\u00a0\u00bbon\u00a0\u00bb header_font_size_last_edited=\u00a0\u00bbon|phone\u00a0\u00bb header_font_size_phone=\u00a0\u00bb30px\u00a0\u00bb body_font_size_last_edited=\u00a0\u00bbon|phone\u00a0\u00bb body_font_size_phone=\u00a0\u00bb16px\u00a0\u00bb sticky_enabled=\u00a0\u00bb0&Prime;]<\/p>\n<p>Apogeo living design<\/p>\n<p>[\/et_pb_slide][et_pb_slide heading=\u00a0\u00bbCuisine de luxe\u00a0\u00bb _builder_version=\u00a0\u00bb4.12.1&Prime; _module_preset=\u00a0\u00bbdefault\u00a0\u00bb background_enable_color=\u00a0\u00bboff\u00a0\u00bb background_image=\u00a0\u00bbhttp:\/\/apogeoliving.com\/wp-content\/uploads\/2023\/04\/L2x_01-comp.jpg\u00a0\u00bb background_enable_image=\u00a0\u00bbon\u00a0\u00bb hover_enabled=\u00a0\u00bb0&Prime; global_colors_info=\u00a0\u00bb{}\u00a0\u00bb sticky_transition=\u00a0\u00bbon\u00a0\u00bb header_font_size_last_edited=\u00a0\u00bbon|phone\u00a0\u00bb header_font_size_phone=\u00a0\u00bb30px\u00a0\u00bb body_font_size_last_edited=\u00a0\u00bbon|phone\u00a0\u00bb body_font_size_phone=\u00a0\u00bb16px\u00a0\u00bb sticky_enabled=\u00a0\u00bb0&Prime;]<\/p>\n<p>Apogeo living design<\/p>\n<p>[\/et_pb_slide][\/et_pb_slider][\/et_pb_column][\/et_pb_row][\/et_pb_section][et_pb_section fb_built=\u00a0\u00bb1&Prime; _builder_version=\u00a0\u00bb4.12.1&Prime; _module_preset=\u00a0\u00bbdefault\u00a0\u00bb custom_padding=\u00a0\u00bb||8px|||\u00a0\u00bb global_colors_info=\u00a0\u00bb{}\u00a0\u00bb][et_pb_row _builder_version=\u00a0\u00bb4.12.1&Prime; _module_preset=\u00a0\u00bbdefault\u00a0\u00bb custom_margin=\u00a0\u00bb-42px|auto||auto||\u00a0\u00bb global_colors_info=\u00a0\u00bb{}\u00a0\u00bb][et_pb_column type=\u00a0\u00bb4_4&Prime; _builder_version=\u00a0\u00bb4.12.1&Prime; _module_preset=\u00a0\u00bbdefault\u00a0\u00bb global_colors_info=\u00a0\u00bb{}\u00a0\u00bb][et_pb_text _builder_version=\u00a0\u00bb4.12.1&Prime; _module_preset=\u00a0\u00bbdefault\u00a0\u00bb text_font=\u00a0\u00bbbold|800|||||||\u00a0\u00bb text_text_color=\u00a0\u00bb#000000&Prime; text_font_size=\u00a0\u00bb30px\u00a0\u00bb locked=\u00a0\u00bboff\u00a0\u00bb global_colors_info=\u00a0\u00bb{}\u00a0\u00bb]<\/p>\n<p style=\"text-align: center;\">NOS PONITS FORTS<\/p>\n<p>[\/et_pb_text][et_pb_text _builder_version=\u00a0\u00bb4.12.1&Prime; _module_preset=\u00a0\u00bbdefault\u00a0\u00bb text_font=\u00a0\u00bbregular||||||||\u00a0\u00bb text_text_color=\u00a0\u00bb#000000&Prime; text_font_size=\u00a0\u00bb16px\u00a0\u00bb hover_enabled=\u00a0\u00bb0&Prime; global_colors_info=\u00a0\u00bb{}\u00a0\u00bb text_font_size_last_edited=\u00a0\u00bbon|phone\u00a0\u00bb text_font_size_phone=\u00a0\u00bb15px\u00a0\u00bb sticky_enabled=\u00a0\u00bb0&Prime; content_last_edited=\u00a0\u00bbon|desktop\u00a0\u00bb content_phone=\u00a0\u00bb<\/p>\n<p style=%22text-align: center;%22>Une union d\u2019\u00e9motions et d\u2019id\u00e9es innovantes et cr\u00e9atives c\u2019est ce que <strong>APOGEO<\/strong> veut apporter en s\u2019installant au Maroc.<\/p>\n<p>\u00a0\u00bb text_font_size_tablet=\u00a0\u00bb16px\u00a0\u00bb content_tablet=\u00a0\u00bb<\/p>\n<p style=%22text-align: center;%22>Une union d\u2019\u00e9motions et d\u2019id\u00e9es innovantes et cr\u00e9atives c\u2019est ce que <strong>APOGEO<\/strong> veut apporter en s\u2019installant au Maroc.<\/p>\n<p>\u00ab\u00a0]<\/p>\n<p style=\"text-align: center;\">Une union d\u2019\u00e9motions et d\u2019id\u00e9es innovantes et cr\u00e9atives c\u2019est ce que <strong>APOGEO<\/strong> veut apporter en s\u2019installant au Maroc.<\/p>\n<p>[\/et_pb_text][\/et_pb_column][\/et_pb_row][et_pb_row column_structure=\u00a0\u00bb1_3,1_3,1_3&Prime; _builder_version=\u00a0\u00bb4.12.1&Prime; _module_preset=\u00a0\u00bbdefault\u00a0\u00bb background_color=\u00a0\u00bb#FFFFFF\u00a0\u00bb hover_enabled=\u00a0\u00bb0&Prime; locked=\u00a0\u00bboff\u00a0\u00bb global_colors_info=\u00a0\u00bb{}\u00a0\u00bb custom_margin_last_edited=\u00a0\u00bbon|phone\u00a0\u00bb custom_margin_phone=\u00a0\u00bb-15px||||false|false\u00a0\u00bb sticky_enabled=\u00a0\u00bb0&Prime;][et_pb_column type=\u00a0\u00bb1_3&Prime; _builder_version=\u00a0\u00bb4.12.1&Prime; _module_preset=\u00a0\u00bbdefault\u00a0\u00bb global_colors_info=\u00a0\u00bb{}\u00a0\u00bb][et_pb_blurb title=\u00a0\u00bbS\u00c9LECTION POINTUE\u00a0\u00bb image=\u00a0\u00bbhttp:\/\/apogeoliving.com\/wp-content\/uploads\/2024\/07\/evaluation-2-1.png\u00a0\u00bb _builder_version=\u00a0\u00bb4.12.1&Prime; header_font=\u00a0\u00bbbold|700||on|||||\u00a0\u00bb header_text_color=\u00a0\u00bb#000000&Prime; header_font_size=\u00a0\u00bb18px\u00a0\u00bb header_letter_spacing=\u00a0\u00bb1px\u00a0\u00bb body_font=\u00a0\u00bbregular||||||||\u00a0\u00bb body_text_color=\u00a0\u00bb#000000&Prime; body_font_size=\u00a0\u00bb16px\u00a0\u00bb body_letter_spacing=\u00a0\u00bb1px\u00a0\u00bb body_line_height=\u00a0\u00bb1.8em\u00a0\u00bb text_orientation=\u00a0\u00bbcenter\u00a0\u00bb custom_margin=\u00a0\u00bb||40px|\u00a0\u00bb animation_style=\u00a0\u00bbzoom\u00a0\u00bb animation_intensity_zoom=\u00a0\u00bb30%\u00a0\u00bb animation=\u00a0\u00bboff\u00a0\u00bb border_style_all=\u00a0\u00bbdashed\u00a0\u00bb locked=\u00a0\u00bboff\u00a0\u00bb global_colors_info=\u00a0\u00bb{}\u00a0\u00bb]<\/p>\n<p>tttyuuuiuii<\/p>\n<p>guuououghougku<\/p>\n<p>[\/et_pb_blurb][\/et_pb_column][et_pb_column type=\u00a0\u00bb1_3&Prime; _builder_version=\u00a0\u00bb4.12.1&Prime; _module_preset=\u00a0\u00bbdefault\u00a0\u00bb global_colors_info=\u00a0\u00bb{}\u00a0\u00bb][et_pb_blurb title=\u00a0\u00bbBUREAU D&rsquo;ETUDE\u00a0\u00bb image=\u00a0\u00bbhttp:\/\/apogeoliving.com\/wp-content\/uploads\/2024\/07\/temps-detude-1.png\u00a0\u00bb _builder_version=\u00a0\u00bb4.12.1&Prime; header_font=\u00a0\u00bbbold|700||on|||||\u00a0\u00bb header_text_color=\u00a0\u00bb#000000&Prime; header_font_size=\u00a0\u00bb18px\u00a0\u00bb header_letter_spacing=\u00a0\u00bb1px\u00a0\u00bb body_font=\u00a0\u00bbregular||||||||\u00a0\u00bb body_text_color=\u00a0\u00bb#000000&Prime; body_font_size=\u00a0\u00bb16px\u00a0\u00bb body_letter_spacing=\u00a0\u00bb1px\u00a0\u00bb body_line_height=\u00a0\u00bb1.8em\u00a0\u00bb text_orientation=\u00a0\u00bbcenter\u00a0\u00bb custom_margin=\u00a0\u00bb||40px|\u00a0\u00bb animation_style=\u00a0\u00bbzoom\u00a0\u00bb animation_intensity_zoom=\u00a0\u00bb30%\u00a0\u00bb animation=\u00a0\u00bboff\u00a0\u00bb border_style_all=\u00a0\u00bbdashed\u00a0\u00bb locked=\u00a0\u00bboff\u00a0\u00bb global_colors_info=\u00a0\u00bb{}\u00a0\u00bb]<\/p>\n<p>tttyuuuiuii<\/p>\n<p>guuououghougku<\/p>\n<p>[\/et_pb_blurb][\/et_pb_column][et_pb_column type=\u00a0\u00bb1_3&Prime; _builder_version=\u00a0\u00bb4.12.1&Prime; _module_preset=\u00a0\u00bbdefault\u00a0\u00bb global_colors_info=\u00a0\u00bb{}\u00a0\u00bb][et_pb_blurb title=\u00a0\u00bbPRIX COMP\u00c9TITIF \u00a0\u00bb image=\u00a0\u00bbhttp:\/\/apogeoliving.com\/wp-content\/uploads\/2024\/07\/prix-de-diamant-1.png\u00a0\u00bb _builder_version=\u00a0\u00bb4.12.1&Prime; header_font=\u00a0\u00bbbold|700||on|||||\u00a0\u00bb header_text_color=\u00a0\u00bb#000000&Prime; header_font_size=\u00a0\u00bb18px\u00a0\u00bb header_letter_spacing=\u00a0\u00bb1px\u00a0\u00bb body_font=\u00a0\u00bbregular||||||||\u00a0\u00bb body_text_color=\u00a0\u00bb#000000&Prime; body_font_size=\u00a0\u00bb16px\u00a0\u00bb body_letter_spacing=\u00a0\u00bb1px\u00a0\u00bb body_line_height=\u00a0\u00bb1.8em\u00a0\u00bb text_orientation=\u00a0\u00bbcenter\u00a0\u00bb custom_margin=\u00a0\u00bb||40px|\u00a0\u00bb animation_style=\u00a0\u00bbzoom\u00a0\u00bb animation_intensity_zoom=\u00a0\u00bb30%\u00a0\u00bb animation=\u00a0\u00bboff\u00a0\u00bb border_style_all=\u00a0\u00bbdashed\u00a0\u00bb locked=\u00a0\u00bboff\u00a0\u00bb global_colors_info=\u00a0\u00bb{}\u00a0\u00bb]<\/p>\n<p>tttyuuuiuii<\/p>\n<p>guuououghougku<\/p>\n<p>[\/et_pb_blurb][\/et_pb_column][\/et_pb_row][et_pb_row column_structure=\u00a0\u00bb1_3,1_3,1_3&Prime; _builder_version=\u00a0\u00bb4.12.1&Prime; _module_preset=\u00a0\u00bbdefault\u00a0\u00bb background_color=\u00a0\u00bb#FFFFFF\u00a0\u00bb locked=\u00a0\u00bboff\u00a0\u00bb global_colors_info=\u00a0\u00bb{}\u00a0\u00bb][et_pb_column type=\u00a0\u00bb1_3&Prime; _builder_version=\u00a0\u00bb4.12.1&Prime; _module_preset=\u00a0\u00bbdefault\u00a0\u00bb global_colors_info=\u00a0\u00bb{}\u00a0\u00bb][et_pb_blurb title=\u00a0\u00bb\u00c9QUIPE D\u00c9DI\u00c9E PRO ET HABITAT\u00a0\u00bb image=\u00a0\u00bbhttp:\/\/apogeoliving.com\/wp-content\/uploads\/2024\/07\/pro-1.png\u00a0\u00bb _builder_version=\u00a0\u00bb4.12.1&Prime; header_font=\u00a0\u00bbbold|700||on|||||\u00a0\u00bb header_text_color=\u00a0\u00bb#000000&Prime; header_font_size=\u00a0\u00bb18px\u00a0\u00bb header_letter_spacing=\u00a0\u00bb1px\u00a0\u00bb body_font=\u00a0\u00bbregular||||||||\u00a0\u00bb body_text_color=\u00a0\u00bb#000000&Prime; body_font_size=\u00a0\u00bb16px\u00a0\u00bb body_letter_spacing=\u00a0\u00bb1px\u00a0\u00bb body_line_height=\u00a0\u00bb1.8em\u00a0\u00bb text_orientation=\u00a0\u00bbcenter\u00a0\u00bb custom_margin=\u00a0\u00bb||40px|\u00a0\u00bb animation_style=\u00a0\u00bbzoom\u00a0\u00bb animation_intensity_zoom=\u00a0\u00bb30%\u00a0\u00bb animation=\u00a0\u00bboff\u00a0\u00bb border_style_all=\u00a0\u00bbdashed\u00a0\u00bb locked=\u00a0\u00bboff\u00a0\u00bb global_colors_info=\u00a0\u00bb{}\u00a0\u00bb]<\/p>\n<p>tttyuuuiuii<\/p>\n<p>guuououghougku<\/p>\n<p>[\/et_pb_blurb][\/et_pb_column][et_pb_column type=\u00a0\u00bb1_3&Prime; _builder_version=\u00a0\u00bb4.12.1&Prime; _module_preset=\u00a0\u00bbdefault\u00a0\u00bb global_colors_info=\u00a0\u00bb{}\u00a0\u00bb][et_pb_blurb title=\u00a0\u00bbLOGISTIQUE PERFORMANTE \u00a0\u00bb image=\u00a0\u00bbhttp:\/\/apogeoliving.com\/wp-content\/uploads\/2024\/07\/logistics-1.png\u00a0\u00bb _builder_version=\u00a0\u00bb4.12.1&Prime; header_font=\u00a0\u00bbbold|700||on|||||\u00a0\u00bb header_text_color=\u00a0\u00bb#000000&Prime; header_font_size=\u00a0\u00bb18px\u00a0\u00bb header_letter_spacing=\u00a0\u00bb1px\u00a0\u00bb body_font=\u00a0\u00bbregular||||||||\u00a0\u00bb body_text_color=\u00a0\u00bb#000000&Prime; body_font_size=\u00a0\u00bb16px\u00a0\u00bb body_letter_spacing=\u00a0\u00bb1px\u00a0\u00bb body_line_height=\u00a0\u00bb1.8em\u00a0\u00bb text_orientation=\u00a0\u00bbcenter\u00a0\u00bb custom_margin=\u00a0\u00bb||40px|\u00a0\u00bb animation_style=\u00a0\u00bbzoom\u00a0\u00bb animation_intensity_zoom=\u00a0\u00bb30%\u00a0\u00bb animation=\u00a0\u00bboff\u00a0\u00bb border_style_all=\u00a0\u00bbdashed\u00a0\u00bb locked=\u00a0\u00bboff\u00a0\u00bb global_colors_info=\u00a0\u00bb{}\u00a0\u00bb]<\/p>\n<p>tttyuuuiuii<\/p>\n<p>guuououghougku<\/p>\n<p>[\/et_pb_blurb][\/et_pb_column][et_pb_column type=\u00a0\u00bb1_3&Prime; _builder_version=\u00a0\u00bb4.12.1&Prime; _module_preset=\u00a0\u00bbdefault\u00a0\u00bb global_colors_info=\u00a0\u00bb{}\u00a0\u00bb][et_pb_blurb title=\u00a0\u00bbSAV PERFORMANT\u00a0\u00bb image=\u00a0\u00bbhttp:\/\/apogeoliving.com\/wp-content\/uploads\/2024\/07\/performance-1.png\u00a0\u00bb _builder_version=\u00a0\u00bb4.12.1&Prime; header_font=\u00a0\u00bbbold|700||on|||||\u00a0\u00bb header_text_color=\u00a0\u00bb#000000&Prime; header_font_size=\u00a0\u00bb18px\u00a0\u00bb header_letter_spacing=\u00a0\u00bb1px\u00a0\u00bb body_font=\u00a0\u00bbregular||||||||\u00a0\u00bb body_text_color=\u00a0\u00bb#000000&Prime; body_font_size=\u00a0\u00bb16px\u00a0\u00bb body_letter_spacing=\u00a0\u00bb1px\u00a0\u00bb body_line_height=\u00a0\u00bb1.8em\u00a0\u00bb text_orientation=\u00a0\u00bbcenter\u00a0\u00bb custom_margin=\u00a0\u00bb||40px|\u00a0\u00bb animation_style=\u00a0\u00bbzoom\u00a0\u00bb animation_intensity_zoom=\u00a0\u00bb30%\u00a0\u00bb animation=\u00a0\u00bboff\u00a0\u00bb border_style_all=\u00a0\u00bbdashed\u00a0\u00bb locked=\u00a0\u00bboff\u00a0\u00bb global_colors_info=\u00a0\u00bb{}\u00a0\u00bb]<\/p>\n<p>tttyuuuiuii<\/p>\n<p>guuououghougku<\/p>\n<p>[\/et_pb_blurb][\/et_pb_column][\/et_pb_row][\/et_pb_section]<\/p>\n","protected":false},"excerpt":{"rendered":"<p>Apogeo living designApogeo living designApogeo living designApogeo living designApogeo living designApogeo living designBIENVENUE CHEZ APOGEO Une union d\u2019\u00e9motions et d\u2019id\u00e9es innovantes et cr\u00e9atives c\u2019est ce que APOGEO veut apporter en s\u2019installant au Maroc. Comme nous marocains, APOGEO pense que la beaut\u00e9 a une \u00e9nergie capable de changer le monde, m\u00eame dans nos d\u00e9cision quotidiennes les [&hellip;]<\/p>\n","protected":false},"author":1,"featured_media":0,"parent":0,"menu_order":0,"comment_status":"closed","ping_status":"closed","template":"","meta":{"_et_pb_use_builder":"on","_et_pb_old_content":"","_et_gb_content_width":""},"_links":{"self":[{"href":"https:\/\/apogeoliving.com\/index.php\/wp-json\/wp\/v2\/pages\/265"}],"collection":[{"href":"https:\/\/apogeoliving.com\/index.php\/wp-json\/wp\/v2\/pages"}],"about":[{"href":"https:\/\/apogeoliving.com\/index.php\/wp-json\/wp\/v2\/types\/page"}],"author":[{"embeddable":true,"href":"https:\/\/apogeoliving.com\/index.php\/wp-json\/wp\/v2\/users\/1"}],"replies":[{"embeddable":true,"href":"https:\/\/apogeoliving.com\/index.php\/wp-json\/wp\/v2\/comments?post=265"}],"version-history":[{"count":12,"href":"https:\/\/apogeoliving.com\/index.php\/wp-json\/wp\/v2\/pages\/265\/revisions"}],"predecessor-version":[{"id":464,"href":"https:\/\/apogeoliving.com\/index.php\/wp-json\/wp\/v2\/pages\/265\/revisions\/464"}],"wp:attachment":[{"href":"https:\/\/apogeoliving.com\/index.php\/wp-json\/wp\/v2\/media?parent=265"}],"curies":[{"name":"wp","href":"https:\/\/api.w.org\/{rel}","templated":true}]}}